{"id":413,"date":"2024-05-12T20:55:22","date_gmt":"2024-05-12T18:55:22","guid":{"rendered":"https:\/\/kontoauszug.in-excel.de\/?page_id=413"},"modified":"2024-05-17T17:37:09","modified_gmt":"2024-05-17T15:37:09","slug":"impressum","status":"publish","type":"page","link":"https:\/\/kontoauszug.in-excel.de\/?page_id=413","title":{"rendered":"Impressum"},"content":{"rendered":"\n<p>Dedukt Software UG (haftungsbeschr\u00e4nkt)&nbsp;<br>Fuchsienweg 35<br>12357 Berlin<\/p>\n\n\n\n<p><br>eMail mail@ckonverter.de<br><br>Registergericht Amtsgericht Berlin Charlottenburg<br>Registernummer HRB260839B<br>Gesch\u00e4ftsf\u00fchrer: Hans-Georg Klimm<br><br>Umsatzsteuer-Identifikationsummer DE366055329<br><br>Inhaltlich verantwortlich: Dedukt Sofware UG (haftungsbeschr\u00e4nkt)&nbsp;<\/p>\n\n\n\n<h2 class=\"wp-block-heading\">Haftungsausschluss (Disclaimer)<\/h2>\n\n\n\n<p>Der Betreiber dieser Site (siehe Impressum) hat den Inhalt dieser Website sorgf\u00e4ltig und nach aktuellem Erkenntnisstand zusammengestellt. Der Zugang und die Benutzung dieser und damit verbundener oder durch Links verkn\u00fcpfter Websites erfolgt auf eigene Gefahr des Benutzers. Schadensersatzforderungen und Gew\u00e4hrleistungsanspr\u00fcche auf Grund fehlender oder falscher Angaben sind ausgeschlossen.<br>Der Betreiber ist nicht verantwortlich und \u00fcbernimmt keine Haftung f\u00fcr Sch\u00e4den jeder Art, auch f\u00fcr indirekte oder Folgesch\u00e4den, die durch den Zugang oder die Benutzung dieser Website oder damit verbundener oder durch Links verkn\u00fcpfter Websites aufgetreten sind.<br>Durch das Urteil vom 12. Mai 1998 \u201eHaftung f\u00fcr Links\u201c (312 O 85\/98) hat das Landesgericht Hamburg eindeutig entschieden, dass man durch die Anbringung eines Links, die Inhalte der gelinkten Seite gegebenenfalls mit zu verantworten hat, also haftbar gemacht werden kann; dies kann nur dadurch verhindert werden, indem man sich ausdr\u00fccklich von diesen Inhalten distanziert.<br>Der Betreiber distanziert sich hiermit ausdr\u00fccklich von allen Inhalten s\u00e4mtlicher gelinkter Seiten auf www.ckonvert.de und s\u00e4mtlichen Unterseiten und verweist darauf, dass er weder Einfluss auf Gestaltung und Inhalte der gelinkten Seiten hat noch sich diese Inhalte zu eigen macht.<\/p>\n\n\n\n<p><\/p>\n\n\n\n<p>Bilder: erstellt von ChatGpt 4.0<\/p>\n\n\n\n<p><\/p>\n","protected":false},"excerpt":{"rendered":"<p>Dedukt Software UG (haftungsbeschr\u00e4nkt)&nbsp;Fuchsienweg 3512357 Berlin eMail mail@ckonverter.de Registergericht Amtsgericht Berlin CharlottenburgRegisternummer HRB260839BGesch\u00e4ftsf\u00fchrer: Hans-Georg Klimm Umsatzsteuer-Identifikationsummer DE366055329 Inhaltlich verantwortlich: Dedukt Sofware UG (haftungsbeschr\u00e4nkt)&nbsp; Haftungsausschluss (Disclaimer) Der Betreiber dieser Site (siehe Impressum) hat den Inhalt dieser Website sorgf\u00e4ltig und nach aktuellem Erkenntnisstand zusammengestellt. Der Zugang und die Benutzung dieser und damit verbundener oder durch Links verkn\u00fcpfter&hellip;&nbsp;<a href=\"https:\/\/kontoauszug.in-excel.de\/?page_id=413\" class=\"\" rel=\"bookmark\">Weiterlesen &raquo;<span class=\"screen-reader-text\">Impressum<\/span><\/a><\/p>\n","protected":false},"author":2,"featured_media":0,"parent":0,"menu_order":0,"comment_status":"closed","ping_status":"closed","template":"","meta":{"neve_meta_sidebar":"","neve_meta_container":"","neve_meta_enable_content_width":"","neve_meta_content_width":0,"neve_meta_title_alignment":"","neve_meta_author_avatar":"","neve_post_elements_order":"","neve_meta_disable_header":"","neve_meta_disable_footer":"","neve_meta_disable_title":"","_themeisle_gutenberg_block_has_review":false,"footnotes":""},"class_list":["post-413","page","type-page","status-publish","hentry"],"_links":{"self":[{"href":"https:\/\/kontoauszug.in-excel.de\/index.php?rest_route=\/wp\/v2\/pages\/413","targetHints":{"allow":["GET"]}}],"collection":[{"href":"https:\/\/kontoauszug.in-excel.de\/index.php?rest_route=\/wp\/v2\/pages"}],"about":[{"href":"https:\/\/kontoauszug.in-excel.de\/index.php?rest_route=\/wp\/v2\/types\/page"}],"author":[{"embeddable":true,"href":"https:\/\/kontoauszug.in-excel.de\/index.php?rest_route=\/wp\/v2\/users\/2"}],"replies":[{"embeddable":true,"href":"https:\/\/kontoauszug.in-excel.de\/index.php?rest_route=%2Fwp%2Fv2%2Fcomments&post=413"}],"version-history":[{"count":2,"href":"https:\/\/kontoauszug.in-excel.de\/index.php?rest_route=\/wp\/v2\/pages\/413\/revisions"}],"predecessor-version":[{"id":435,"href":"https:\/\/kontoauszug.in-excel.de\/index.php?rest_route=\/wp\/v2\/pages\/413\/revisions\/435"}],"wp:attachment":[{"href":"https:\/\/kontoauszug.in-excel.de\/index.php?rest_route=%2Fwp%2Fv2%2Fmedia&parent=413"}],"curies":[{"name":"wp","href":"https:\/\/api.w.org\/{rel}","templated":true}]}}