{"id":372,"date":"2024-05-12T18:10:52","date_gmt":"2024-05-12T16:10:52","guid":{"rendered":"https:\/\/kontoauszug.in-excel.de\/?page_id=372"},"modified":"2024-05-17T17:42:55","modified_gmt":"2024-05-17T15:42:55","slug":"willkommen-bei-ckonverter-de","status":"publish","type":"page","link":"https:\/\/kontoauszug.in-excel.de\/?page_id=372","title":{"rendered":"Willkommen bei Kontoauszug.in-excel.de &#8211; einer Infoseite von CKonverter.de"},"content":{"rendered":"\n<p><\/p>\n\n\n\n<p class=\"has-large-font-size\">Ihrem Werkzeug f\u00fcr effiziente Datenkonvertierung<\/p>\n\n\n\n<p><\/p>\n\n\n\n<p>Unser fortschrittlicher PDF-zu-Excel-CKonverter ist speziell daf\u00fcr entwickelt, um Ihnen das Leben leichter zu machen. Mit CKonverter.de k\u00f6nnen Sie Ihre PDF-Kontoausz\u00fcge (Dateien aus dem Bankportal \/ keine Scans) schnell und einfach in \u00fcbersichtliche Excel-Dateien umwandeln. Das spart Ihnen nicht nur Zeit, sondern auch den Aufwand des manuellen Datenabgleichs.<\/p>\n\n\n\n<h4 class=\"wp-block-heading\">Warum CKonverter.de?<\/h4>\n\n\n\n<p><strong>1. Pr\u00e4zision und Zuverl\u00e4ssigkeit:<\/strong> Unser CKonverter verwendet fortschrittliche Routinen, um sicherzustellen, dass alle Informationen aus Ihren PDF-Dokumenten genau erfasst und fehlerfrei in Excel \u00fcbertragen werden.<\/p>\n\n\n\n<p><strong>2. Benutzerfreundlichkeit:<\/strong> Die Bedienung unseres Tools ist denkbar einfach. Laden Sie einfach Ihr PDF-Dokument hoch, und unser Konverter erledigt den Rest. Innerhalb weniger Sekunden erhalten Sie eine klar strukturierte Excel-Datei, die sofort verwendet werden kann.<\/p>\n\n\n\n<p><strong>3. Zeitersparnis:<\/strong> Vergessen Sie das m\u00fchsame Kopieren und Einf\u00fcgen oder die manuelle Eingabe von Daten. Mit unserem CKonverter k\u00f6nnen Sie wertvolle Zeit sparen und sich auf wichtigere Aufgaben konzentrieren.<\/p>\n\n\n\n<p><strong>4. Datenschutz und Sicherheit:<\/strong> Wir legen gro\u00dfen Wert auf die Sicherheit Ihrer Daten. Alle Konvertierungen erfolgen \u00fcber sichere Verbindungen, und Ihre Dateien werden nach der Konvertierung gel\u00f6scht, um Ihre Privatsph\u00e4re zu sch\u00fctzen.<\/p>\n\n\n\n<p><strong>5. Vielseitigkeit:<\/strong> Egal, ob Sie PDFs oder CSV Dateien konvertieren m\u00f6chten, unser Tool ist flexibel einsetzbar und passt sich Ihren Bed\u00fcrfnissen an. Auf Nachfrage k\u00f6nnen wir Ihnen auch individuelle Outputformate erstellen<\/p>\n\n\n\n<h4 class=\"wp-block-heading\">Starten Sie heute!<\/h4>\n\n\n\n<p>Bereit, die Effizienz Ihrer Datenverarbeitung zu steigern? Probieren Sie CKonverter.de jetzt aus und erleben Sie, wie einfach und schnell die Konvertierung Ihrer PDF-Kontoausz\u00fcge in Excel sein kann. Kontaktieren Sie uns f\u00fcr mehr Informationen.<\/p>\n","protected":false},"excerpt":{"rendered":"<p>Ihrem Werkzeug f\u00fcr effiziente Datenkonvertierung Unser fortschrittlicher PDF-zu-Excel-CKonverter ist speziell daf\u00fcr entwickelt, um Ihnen das Leben leichter zu machen. Mit CKonverter.de k\u00f6nnen Sie Ihre PDF-Kontoausz\u00fcge (Dateien aus dem Bankportal \/ keine Scans) schnell und einfach in \u00fcbersichtliche Excel-Dateien umwandeln. Das spart Ihnen nicht nur Zeit, sondern auch den Aufwand des manuellen Datenabgleichs. Warum CKonverter.de? 1.&hellip;&nbsp;<a href=\"https:\/\/kontoauszug.in-excel.de\/?page_id=372\" class=\"\" rel=\"bookmark\">Weiterlesen &raquo;<span class=\"screen-reader-text\">Willkommen bei Kontoauszug.in-excel.de &#8211; einer Infoseite von CKonverter.de<\/span><\/a><\/p>\n","protected":false},"author":2,"featured_media":0,"parent":0,"menu_order":0,"comment_status":"closed","ping_status":"closed","template":"","meta":{"neve_meta_sidebar":"","neve_meta_container":"","neve_meta_enable_content_width":"","neve_meta_content_width":0,"neve_meta_title_alignment":"","neve_meta_author_avatar":"","neve_post_elements_order":"","neve_meta_disable_header":"","neve_meta_disable_footer":"","neve_meta_disable_title":"","_themeisle_gutenberg_block_has_review":false,"footnotes":""},"class_list":["post-372","page","type-page","status-publish","hentry"],"_links":{"self":[{"href":"https:\/\/kontoauszug.in-excel.de\/index.php?rest_route=\/wp\/v2\/pages\/372","targetHints":{"allow":["GET"]}}],"collection":[{"href":"https:\/\/kontoauszug.in-excel.de\/index.php?rest_route=\/wp\/v2\/pages"}],"about":[{"href":"https:\/\/kontoauszug.in-excel.de\/index.php?rest_route=\/wp\/v2\/types\/page"}],"author":[{"embeddable":true,"href":"https:\/\/kontoauszug.in-excel.de\/index.php?rest_route=\/wp\/v2\/users\/2"}],"replies":[{"embeddable":true,"href":"https:\/\/kontoauszug.in-excel.de\/index.php?rest_route=%2Fwp%2Fv2%2Fcomments&post=372"}],"version-history":[{"count":5,"href":"https:\/\/kontoauszug.in-excel.de\/index.php?rest_route=\/wp\/v2\/pages\/372\/revisions"}],"predecessor-version":[{"id":438,"href":"https:\/\/kontoauszug.in-excel.de\/index.php?rest_route=\/wp\/v2\/pages\/372\/revisions\/438"}],"wp:attachment":[{"href":"https:\/\/kontoauszug.in-excel.de\/index.php?rest_route=%2Fwp%2Fv2%2Fmedia&parent=372"}],"curies":[{"name":"wp","href":"https:\/\/api.w.org\/{rel}","templated":true}]}}